{"id":9,"date":"2016-04-29T09:57:38","date_gmt":"2016-04-29T09:57:38","guid":{"rendered":"http:\/\/www.chs.tips\/scollo\/?page_id=9"},"modified":"2016-04-29T09:57:38","modified_gmt":"2016-04-29T09:57:38","slug":"betonstahl","status":"publish","type":"page","link":"https:\/\/hv-scollo.de\/?page_id=9","title":{"rendered":"Betonstahl"},"content":{"rendered":"<p>Wir liefern Ihnen schnell und zuverl\u00e4ssig Betonstahl von \u00d8 8 bis \u00d8 28.<\/p>\n<table>\n<colgroup>\n<col \/>\n<col \/><\/colgroup>\n<tbody>\n<tr>\n<th>Durchmesser<\/th>\n<th>Kg\/m<\/th>\n<\/tr>\n<tr>\n<td>\u00d8 8<\/td>\n<td>0,395<\/td>\n<\/tr>\n<tr>\n<td>\u00d8 10<\/td>\n<td>0,617<\/td>\n<\/tr>\n<tr>\n<td>\u00d8 12<\/td>\n<td>0,888<\/td>\n<\/tr>\n<tr>\n<td>\u00d8 14<\/td>\n<td>1,210<\/td>\n<\/tr>\n<tr>\n<td>\u00d8 16<\/td>\n<td>1,580<\/td>\n<\/tr>\n<tr>\n<td>\u00d8 20<\/td>\n<td>2,470<\/td>\n<\/tr>\n<tr>\n<td>\u00d8 25<\/td>\n<td>3,850<\/td>\n<\/tr>\n<tr>\n<td>\u00d8 28<\/td>\n<td>4,830<\/td>\n<\/tr>\n<\/tbody>\n<\/table>\n<p>Nat\u00fcrlich erhalten Sie den Bewehrungsstabstahl bei Bedarf nach Stahllisten und Pl\u00e4nen\u00a0<strong>gebogen<\/strong>,\u00a0<strong>zugeschnitten<\/strong>\u00a0und\u00a0<strong>positioniert<\/strong>.<\/p>\n","protected":false},"excerpt":{"rendered":"<p>Wir liefern Ihnen schnell und zuverl\u00e4ssig Betonstahl von \u00d8 8 bis \u00d8 28. Durchmesser Kg\/m \u00d8 8 0,395 \u00d8 10 0,617 \u00d8 12 0,888 \u00d8 14 1,210 \u00d8 16 1,580 \u00d8 20 2,470 \u00d8 25 3,850 \u00d8 28 4,830 Nat\u00fcrlich erhalten Sie den Bewehrungsstabstahl bei Bedarf nach Stahllisten und Pl\u00e4nen\u00a0gebogen,\u00a0zugeschnitten\u00a0und\u00a0positioniert.<\/p>\n","protected":false},"author":2,"featured_media":0,"parent":0,"menu_order":20,"comment_status":"closed","ping_status":"closed","template":"template-leftsidebar.php","meta":{"footnotes":""},"class_list":["post-9","page","type-page","status-publish","hentry"],"_links":{"self":[{"href":"https:\/\/hv-scollo.de\/index.php?rest_route=\/wp\/v2\/pages\/9","targetHints":{"allow":["GET"]}}],"collection":[{"href":"https:\/\/hv-scollo.de\/index.php?rest_route=\/wp\/v2\/pages"}],"about":[{"href":"https:\/\/hv-scollo.de\/index.php?rest_route=\/wp\/v2\/types\/page"}],"author":[{"embeddable":true,"href":"https:\/\/hv-scollo.de\/index.php?rest_route=\/wp\/v2\/users\/2"}],"replies":[{"embeddable":true,"href":"https:\/\/hv-scollo.de\/index.php?rest_route=%2Fwp%2Fv2%2Fcomments&post=9"}],"version-history":[{"count":0,"href":"https:\/\/hv-scollo.de\/index.php?rest_route=\/wp\/v2\/pages\/9\/revisions"}],"wp:attachment":[{"href":"https:\/\/hv-scollo.de\/index.php?rest_route=%2Fwp%2Fv2%2Fmedia&parent=9"}],"curies":[{"name":"wp","href":"https:\/\/api.w.org\/{rel}","templated":true}]}}