{"id":5,"date":"2016-04-27T03:35:31","date_gmt":"2016-04-27T03:35:31","guid":{"rendered":"http:\/\/wp451m.a10-52-158-154.qa.plesk.ru\/wordpress\/?page_id=2"},"modified":"2016-04-27T03:35:31","modified_gmt":"2016-04-27T03:35:31","slug":"sample-page-2","status":"publish","type":"page","link":"https:\/\/hv-scollo.de\/?page_id=5","title":{"rendered":"Wir \u00fcber uns"},"content":{"rendered":"<p><strong>Ihr kompetenter Partner in Sachen Stahl.<\/strong><\/p>\n<p>Wir bieten Ihnen stets eine kompetente Beratung und unterst\u00fctzen Sie bei Ihren Anliegen.<br \/>\nAls kompetenter Partner verf\u00fcgen wir \u00fcber ein breites Branchen-Know-How und garantieren f\u00fcr eine\u00a0<em>stahlharte<\/em>\u00a0Leistung.<\/p>\n<p>Wir bieten Ihnen nicht nur eine gro\u00dfe Vielfalt an Produkten, sondern liefern Ihnen schnellstm\u00f6glich qualitativ hochwertiges Material.<\/p>\n","protected":false},"excerpt":{"rendered":"<p>Ihr kompetenter Partner in Sachen Stahl. Wir bieten Ihnen stets eine kompetente Beratung und unterst\u00fctzen Sie bei Ihren Anliegen. Als kompetenter Partner verf\u00fcgen wir \u00fcber ein breites Branchen-Know-How und garantieren f\u00fcr eine\u00a0stahlharte\u00a0Leistung. Wir bieten Ihnen nicht nur eine gro\u00dfe Vielfalt an Produkten, sondern liefern Ihnen schnellstm\u00f6glich qualitativ hochwertiges Material.<\/p>\n","protected":false},"author":2,"featured_media":0,"parent":0,"menu_order":10,"comment_status":"closed","ping_status":"closed","template":"","meta":{"footnotes":""},"class_list":["post-5","page","type-page","status-publish","hentry"],"_links":{"self":[{"href":"https:\/\/hv-scollo.de\/index.php?rest_route=\/wp\/v2\/pages\/5","targetHints":{"allow":["GET"]}}],"collection":[{"href":"https:\/\/hv-scollo.de\/index.php?rest_route=\/wp\/v2\/pages"}],"about":[{"href":"https:\/\/hv-scollo.de\/index.php?rest_route=\/wp\/v2\/types\/page"}],"author":[{"embeddable":true,"href":"https:\/\/hv-scollo.de\/index.php?rest_route=\/wp\/v2\/users\/2"}],"replies":[{"embeddable":true,"href":"https:\/\/hv-scollo.de\/index.php?rest_route=%2Fwp%2Fv2%2Fcomments&post=5"}],"version-history":[{"count":0,"href":"https:\/\/hv-scollo.de\/index.php?rest_route=\/wp\/v2\/pages\/5\/revisions"}],"wp:attachment":[{"href":"https:\/\/hv-scollo.de\/index.php?rest_route=%2Fwp%2Fv2%2Fmedia&parent=5"}],"curies":[{"name":"wp","href":"https:\/\/api.w.org\/{rel}","templated":true}]}}