{"id":22,"date":"2016-04-29T11:53:34","date_gmt":"2016-04-29T11:53:34","guid":{"rendered":"http:\/\/www.chs.tips\/scollo\/?page_id=22"},"modified":"2016-04-29T11:53:34","modified_gmt":"2016-04-29T11:53:34","slug":"startseite","status":"publish","type":"page","link":"https:\/\/hv-scollo.de\/","title":{"rendered":"Startseite"},"content":{"rendered":"<p>Herzlich Willkommen auf unserer Website.<\/p>\n<p><strong>Unsere Website befindet sich derzeit noch in Bearbeitung.<\/strong><\/p>\n<p>Egal ob Gesch\u00e4fts- oder Privatkunde &#8211; ob Gro\u00dfmengen oder auch Kleinmengen &#8211; Hier informieren wir Sie \u00fcber unser Unternehmen, unsere Leistungen und unsere Produkte.<\/p>\n<p>Sie haben Fragen? Wir haben die Antworten!<br \/>\nNehmen Sie \u00fcber unser Kontakformular Kontakt zu uns auf oder rufen Sie einfach an. Sie erreichen uns unter der\u00a0<strong>06806-4949050<\/strong><\/p>\n","protected":false},"excerpt":{"rendered":"<p>Herzlich Willkommen auf unserer Website. Unsere Website befindet sich derzeit noch in Bearbeitung. Egal ob Gesch\u00e4fts- oder Privatkunde &#8211; ob Gro\u00dfmengen oder auch Kleinmengen &#8211; Hier informieren wir Sie \u00fcber unser Unternehmen, unsere Leistungen und unsere Produkte. Sie haben Fragen? Wir haben die Antworten! Nehmen Sie \u00fcber unser Kontakformular Kontakt zu uns auf oder rufen [&hellip;]<\/p>\n","protected":false},"author":2,"featured_media":0,"parent":0,"menu_order":0,"comment_status":"closed","ping_status":"closed","template":"","meta":{"footnotes":""},"class_list":["post-22","page","type-page","status-publish","hentry"],"_links":{"self":[{"href":"https:\/\/hv-scollo.de\/index.php?rest_route=\/wp\/v2\/pages\/22","targetHints":{"allow":["GET"]}}],"collection":[{"href":"https:\/\/hv-scollo.de\/index.php?rest_route=\/wp\/v2\/pages"}],"about":[{"href":"https:\/\/hv-scollo.de\/index.php?rest_route=\/wp\/v2\/types\/page"}],"author":[{"embeddable":true,"href":"https:\/\/hv-scollo.de\/index.php?rest_route=\/wp\/v2\/users\/2"}],"replies":[{"embeddable":true,"href":"https:\/\/hv-scollo.de\/index.php?rest_route=%2Fwp%2Fv2%2Fcomments&post=22"}],"version-history":[{"count":0,"href":"https:\/\/hv-scollo.de\/index.php?rest_route=\/wp\/v2\/pages\/22\/revisions"}],"wp:attachment":[{"href":"https:\/\/hv-scollo.de\/index.php?rest_route=%2Fwp%2Fv2%2Fmedia&parent=22"}],"curies":[{"name":"wp","href":"https:\/\/api.w.org\/{rel}","templated":true}]}}