{"id":18,"date":"2016-04-29T10:13:55","date_gmt":"2016-04-29T10:13:55","guid":{"rendered":"http:\/\/www.chs.tips\/scollo\/?page_id=18"},"modified":"2017-05-11T09:20:30","modified_gmt":"2017-05-11T09:20:30","slug":"traegerprofile","status":"publish","type":"page","link":"https:\/\/hv-scollo.de\/?page_id=18","title":{"rendered":"Tr\u00e4gerprofile"},"content":{"rendered":"<div class=\"field field-name-body field-type-text-with-summary field-label-hidden\">\n<div class=\"field-items\">\n<div class=\"field-item even\">\n<p>Bei uns erhalten Sie verschiedene\u00a0\u00a0<strong>Breitflanschtr\u00e4ger<\/strong>,\u00a0<strong>Formstahl<\/strong>\u00a0und\u00a0<strong>U-Profile<\/strong>.<\/p>\n<p>Selbstverst\u00e4nflich werden diese auf ihr gew\u00fcnschtes Ma\u00df zugeschnitten.<br \/>\nAndere Tr\u00e4gerprofile k\u00f6nnen wir f\u00fcr Sie selbstverst\u00e4ndlich bei Anfrage besorgen.<\/p>\n<p>Au\u00dferdem grundieren und verzinken wir die Tr\u00e4gerprofile nach Wunsch und stellen bei Bedarf St\u00fctzen f\u00fcr Sie her.<\/p>\n<\/div>\n<\/div>\n<\/div>\n<div id=\"book-navigation-28\" class=\"book-navigation\">\n<ul class=\"menu\">\n<li class=\"first leaf\"><a href=\"https:\/\/hv-scollo.de\/?page_id=58\">Breitflanschtr\u00e4ger\u00a0<\/a><\/li>\n<li class=\"leaf\"><a href=\"http:\/\/www.hv-scollo.de\/drupal\/node\/31\">Formstahl<\/a><\/li>\n<li class=\"last leaf\"><a href=\"http:\/\/www.hv-scollo.de\/drupal\/node\/32\">U-Profile<\/a><\/li>\n<\/ul>\n<\/div>\n","protected":false},"excerpt":{"rendered":"<p>Bei uns erhalten Sie verschiedene\u00a0\u00a0Breitflanschtr\u00e4ger,\u00a0Formstahl\u00a0und\u00a0U-Profile. Selbstverst\u00e4nflich werden diese auf ihr gew\u00fcnschtes Ma\u00df zugeschnitten. Andere Tr\u00e4gerprofile k\u00f6nnen wir f\u00fcr Sie selbstverst\u00e4ndlich bei Anfrage besorgen. Au\u00dferdem grundieren und verzinken wir die Tr\u00e4gerprofile nach Wunsch und stellen bei Bedarf St\u00fctzen f\u00fcr Sie her. Breitflanschtr\u00e4ger\u00a0 Formstahl U-Profile<\/p>\n","protected":false},"author":2,"featured_media":0,"parent":0,"menu_order":50,"comment_status":"closed","ping_status":"closed","template":"","meta":{"footnotes":""},"class_list":["post-18","page","type-page","status-publish","hentry"],"_links":{"self":[{"href":"https:\/\/hv-scollo.de\/index.php?rest_route=\/wp\/v2\/pages\/18","targetHints":{"allow":["GET"]}}],"collection":[{"href":"https:\/\/hv-scollo.de\/index.php?rest_route=\/wp\/v2\/pages"}],"about":[{"href":"https:\/\/hv-scollo.de\/index.php?rest_route=\/wp\/v2\/types\/page"}],"author":[{"embeddable":true,"href":"https:\/\/hv-scollo.de\/index.php?rest_route=\/wp\/v2\/users\/2"}],"replies":[{"embeddable":true,"href":"https:\/\/hv-scollo.de\/index.php?rest_route=%2Fwp%2Fv2%2Fcomments&post=18"}],"version-history":[{"count":1,"href":"https:\/\/hv-scollo.de\/index.php?rest_route=\/wp\/v2\/pages\/18\/revisions"}],"predecessor-version":[{"id":61,"href":"https:\/\/hv-scollo.de\/index.php?rest_route=\/wp\/v2\/pages\/18\/revisions\/61"}],"wp:attachment":[{"href":"https:\/\/hv-scollo.de\/index.php?rest_route=%2Fwp%2Fv2%2Fmedia&parent=18"}],"curies":[{"name":"wp","href":"https:\/\/api.w.org\/{rel}","templated":true}]}}