{"id":16,"date":"2016-04-29T10:13:33","date_gmt":"2016-04-29T10:13:33","guid":{"rendered":"http:\/\/www.chs.tips\/scollo\/?page_id=16"},"modified":"2016-04-29T10:13:33","modified_gmt":"2016-04-29T10:13:33","slug":"zubehoer","status":"publish","type":"page","link":"https:\/\/hv-scollo.de\/?page_id=16","title":{"rendered":"Zubeh\u00f6r"},"content":{"rendered":"<div class=\"field field-name-body field-type-text-with-summary field-label-hidden\">\n<div class=\"field-items\">\n<div class=\"field-item even\">\n<p>Wir bieten Ihnen zahlreiches Zubeh\u00f6r rund um den Stahlbetonbau. Neben diversen Abstandshaltern haben wir au\u00dferdem Zubeh\u00f6r wie<br \/>\n<strong>Bindedraht<\/strong>,\u00a0<strong>Erdband<\/strong>,\u00a0<strong>Edelstahl-Erdband<\/strong>,\u00a0<strong>Schellen<\/strong>\u00a0und\u00a0<strong>Armierungsklemmen<\/strong>\u00a0f\u00fcr Sie auf Lager.<\/p>\n<p>Folgende Abstandshalter haben wir f\u00fcr Sie griffbereit:<\/p>\n<\/div>\n<\/div>\n<\/div>\n<div id=\"book-navigation-16\" class=\"book-navigation\">\n<ul class=\"menu\">\n<li class=\"first leaf\"><a href=\"http:\/\/www.chs.tips\/scollo\/?page_id=24\">Einzelabstandshalter<\/a><\/li>\n<li class=\"leaf\"><a href=\"http:\/\/www.chs.tips\/scollo\/?page_id=38\">BESTABIL SL-DBV (Dista)<\/a><\/li>\n<li class=\"leaf\"><a href=\"http:\/\/www.chs.tips\/scollo\/?page_id=40\">Drunterleisten IV<\/a><\/li>\n<li class=\"leaf\"><a href=\"http:\/\/www.chs.tips\/scollo\/?page_id=42\">Drufa-Knochen und Drufa-Lang<\/a><\/li>\n<li class=\"leaf\"><a href=\"http:\/\/www.chs.tips\/scollo\/?page_id=45\">Ankerschienen<\/a><\/li>\n<li class=\"last leaf\"><a href=\"http:\/\/www.chs.tips\/scollo\/?page_id=47\">Dinki<\/a><\/li>\n<\/ul>\n<div class=\"page-links clearfix\"><\/div>\n<\/div>\n","protected":false},"excerpt":{"rendered":"<p>Wir bieten Ihnen zahlreiches Zubeh\u00f6r rund um den Stahlbetonbau. Neben diversen Abstandshaltern haben wir au\u00dferdem Zubeh\u00f6r wie Bindedraht,\u00a0Erdband,\u00a0Edelstahl-Erdband,\u00a0Schellen\u00a0und\u00a0Armierungsklemmen\u00a0f\u00fcr Sie auf Lager. Folgende Abstandshalter haben wir f\u00fcr Sie griffbereit: Einzelabstandshalter BESTABIL SL-DBV (Dista) Drunterleisten IV Drufa-Knochen und Drufa-Lang Ankerschienen Dinki<\/p>\n","protected":false},"author":2,"featured_media":0,"parent":0,"menu_order":40,"comment_status":"closed","ping_status":"closed","template":"","meta":{"footnotes":""},"class_list":["post-16","page","type-page","status-publish","hentry"],"_links":{"self":[{"href":"https:\/\/hv-scollo.de\/index.php?rest_route=\/wp\/v2\/pages\/16","targetHints":{"allow":["GET"]}}],"collection":[{"href":"https:\/\/hv-scollo.de\/index.php?rest_route=\/wp\/v2\/pages"}],"about":[{"href":"https:\/\/hv-scollo.de\/index.php?rest_route=\/wp\/v2\/types\/page"}],"author":[{"embeddable":true,"href":"https:\/\/hv-scollo.de\/index.php?rest_route=\/wp\/v2\/users\/2"}],"replies":[{"embeddable":true,"href":"https:\/\/hv-scollo.de\/index.php?rest_route=%2Fwp%2Fv2%2Fcomments&post=16"}],"version-history":[{"count":0,"href":"https:\/\/hv-scollo.de\/index.php?rest_route=\/wp\/v2\/pages\/16\/revisions"}],"wp:attachment":[{"href":"https:\/\/hv-scollo.de\/index.php?rest_route=%2Fwp%2Fv2%2Fmedia&parent=16"}],"curies":[{"name":"wp","href":"https:\/\/api.w.org\/{rel}","templated":true}]}}